{"id":163,"date":"2026-01-20T12:49:20","date_gmt":"2026-01-20T12:49:20","guid":{"rendered":"https:\/\/christoferkrabbi24.thkit.ee\/wp\/?page_id=163"},"modified":"2026-02-04T08:24:29","modified_gmt":"2026-02-04T08:24:29","slug":"163-2","status":"publish","type":"page","link":"https:\/\/christoferkrabbi24.thkit.ee\/wp\/163-2\/","title":{"rendered":"SEO seadistamine"},"content":{"rendered":"\n<p><strong>Mis on SEO?<\/strong><br><strong><mark>Search Engine Optimization<\/mark><\/strong>&nbsp;on protsess, mille eesm\u00e4rk on parandada veebilehe n\u00e4htavust otsingumootorites nagu&nbsp;<a href=\"https:\/\/www.google.com\/\"><mark><strong>Google<\/strong><\/mark><\/a>. H\u00e4sti optimeeritud veebileht t\u00f5useb otsingutulemustes k\u00f5rgemale.<\/p>\n\n\n\n<p><strong>Mis t\u00e4hendab et leht on indekseeritud?<\/strong>&nbsp;\u2013Andmebaasimootorid nagu Google on lisanud oma andmebaasi.<\/p>\n\n\n\n<ol class=\"wp-block-list\">\n<li>YOAST SEO plugini installimine ja aktiveerimine.<\/li>\n\n\n\n<li>SEO plugini seaded:<\/li>\n<\/ol>\n\n\n\n<ul class=\"wp-block-list\">\n<li>Kasutame Google Search Consoli ja verifitseerime HTML koodi<\/li>\n<\/ul>\n\n\n\n<figure class=\"wp-block-image size-full\"><img loading=\"lazy\" decoding=\"async\" width=\"760\" height=\"567\" src=\"https:\/\/christoferkrabbi24.thkit.ee\/wp\/wp-content\/uploads\/2026\/01\/1EFC95A5-2593-41B1-82DB-8705AD5D3BD3.png\" alt=\"\" class=\"wp-image-164\" srcset=\"https:\/\/christoferkrabbi24.thkit.ee\/wp\/wp-content\/uploads\/2026\/01\/1EFC95A5-2593-41B1-82DB-8705AD5D3BD3.png 760w, https:\/\/christoferkrabbi24.thkit.ee\/wp\/wp-content\/uploads\/2026\/01\/1EFC95A5-2593-41B1-82DB-8705AD5D3BD3-300x224.png 300w, https:\/\/christoferkrabbi24.thkit.ee\/wp\/wp-content\/uploads\/2026\/01\/1EFC95A5-2593-41B1-82DB-8705AD5D3BD3-150x112.png 150w\" sizes=\"auto, (max-width: 760px) 100vw, 760px\" \/><\/figure>\n\n\n\n<figure class=\"wp-block-image size-full\"><img loading=\"lazy\" decoding=\"async\" width=\"646\" height=\"305\" src=\"https:\/\/christoferkrabbi24.thkit.ee\/wp\/wp-content\/uploads\/2026\/01\/1272FACC-2F2C-47DA-AC36-BC0AD5125412.png\" alt=\"\" class=\"wp-image-165\" srcset=\"https:\/\/christoferkrabbi24.thkit.ee\/wp\/wp-content\/uploads\/2026\/01\/1272FACC-2F2C-47DA-AC36-BC0AD5125412.png 646w, https:\/\/christoferkrabbi24.thkit.ee\/wp\/wp-content\/uploads\/2026\/01\/1272FACC-2F2C-47DA-AC36-BC0AD5125412-300x142.png 300w, https:\/\/christoferkrabbi24.thkit.ee\/wp\/wp-content\/uploads\/2026\/01\/1272FACC-2F2C-47DA-AC36-BC0AD5125412-150x71.png 150w\" sizes=\"auto, (max-width: 646px) 100vw, 646px\" \/><\/figure>\n\n\n\n<figure class=\"wp-block-image size-full\"><img loading=\"lazy\" decoding=\"async\" width=\"932\" height=\"636\" src=\"https:\/\/christoferkrabbi24.thkit.ee\/wp\/wp-content\/uploads\/2026\/01\/CCA4B380-C7A1-4F20-8040-733F7EFEE7F4.png\" alt=\"\" class=\"wp-image-167\" srcset=\"https:\/\/christoferkrabbi24.thkit.ee\/wp\/wp-content\/uploads\/2026\/01\/CCA4B380-C7A1-4F20-8040-733F7EFEE7F4.png 932w, https:\/\/christoferkrabbi24.thkit.ee\/wp\/wp-content\/uploads\/2026\/01\/CCA4B380-C7A1-4F20-8040-733F7EFEE7F4-300x205.png 300w, https:\/\/christoferkrabbi24.thkit.ee\/wp\/wp-content\/uploads\/2026\/01\/CCA4B380-C7A1-4F20-8040-733F7EFEE7F4-768x524.png 768w, https:\/\/christoferkrabbi24.thkit.ee\/wp\/wp-content\/uploads\/2026\/01\/CCA4B380-C7A1-4F20-8040-733F7EFEE7F4-150x102.png 150w\" sizes=\"auto, (max-width: 932px) 100vw, 932px\" \/><\/figure>\n\n\n\n<p><strong>3. XML sitemap&#8217;i seadistamine<\/strong><\/p>\n\n\n\n<figure class=\"wp-block-image size-full\"><img loading=\"lazy\" decoding=\"async\" width=\"262\" height=\"418\" src=\"https:\/\/christoferkrabbi24.thkit.ee\/wp\/wp-content\/uploads\/2026\/01\/388E5972-8FA4-493B-970F-2A111D3E7099.png\" alt=\"\" class=\"wp-image-169\" srcset=\"https:\/\/christoferkrabbi24.thkit.ee\/wp\/wp-content\/uploads\/2026\/01\/388E5972-8FA4-493B-970F-2A111D3E7099.png 262w, https:\/\/christoferkrabbi24.thkit.ee\/wp\/wp-content\/uploads\/2026\/01\/388E5972-8FA4-493B-970F-2A111D3E7099-188x300.png 188w, https:\/\/christoferkrabbi24.thkit.ee\/wp\/wp-content\/uploads\/2026\/01\/388E5972-8FA4-493B-970F-2A111D3E7099-94x150.png 94w\" sizes=\"auto, (max-width: 262px) 100vw, 262px\" \/><\/figure>\n\n\n\n<figure class=\"wp-block-image size-large\"><img loading=\"lazy\" decoding=\"async\" width=\"1024\" height=\"637\" src=\"https:\/\/christoferkrabbi24.thkit.ee\/wp\/wp-content\/uploads\/2026\/02\/1E1D6BD4-35B9-46B8-B8E6-CF860F7744BF-1024x637.png\" alt=\"\" class=\"wp-image-177\" srcset=\"https:\/\/christoferkrabbi24.thkit.ee\/wp\/wp-content\/uploads\/2026\/02\/1E1D6BD4-35B9-46B8-B8E6-CF860F7744BF-1024x637.png 1024w, https:\/\/christoferkrabbi24.thkit.ee\/wp\/wp-content\/uploads\/2026\/02\/1E1D6BD4-35B9-46B8-B8E6-CF860F7744BF-300x187.png 300w, https:\/\/christoferkrabbi24.thkit.ee\/wp\/wp-content\/uploads\/2026\/02\/1E1D6BD4-35B9-46B8-B8E6-CF860F7744BF-768x477.png 768w, https:\/\/christoferkrabbi24.thkit.ee\/wp\/wp-content\/uploads\/2026\/02\/1E1D6BD4-35B9-46B8-B8E6-CF860F7744BF-150x93.png 150w, https:\/\/christoferkrabbi24.thkit.ee\/wp\/wp-content\/uploads\/2026\/02\/1E1D6BD4-35B9-46B8-B8E6-CF860F7744BF.png 1245w\" sizes=\"auto, (max-width: 1024px) 100vw, 1024px\" \/><\/figure>\n\n\n\n<p>Tulemused.<\/p>\n\n\n\n<ol class=\"wp-block-list\">\n<li>YOAST SEO valgusfoorid on rohelised (kasuta 5-10 lehte)<\/li>\n<\/ol>\n\n\n\n<figure class=\"wp-block-image size-large\"><img loading=\"lazy\" decoding=\"async\" width=\"1024\" height=\"299\" src=\"https:\/\/christoferkrabbi24.thkit.ee\/wp\/wp-content\/uploads\/2026\/02\/06C28717-5EA5-4E1D-832E-30A0DEEE4FE1-1024x299.png\" alt=\"\" class=\"wp-image-179\" srcset=\"https:\/\/christoferkrabbi24.thkit.ee\/wp\/wp-content\/uploads\/2026\/02\/06C28717-5EA5-4E1D-832E-30A0DEEE4FE1-1024x299.png 1024w, https:\/\/christoferkrabbi24.thkit.ee\/wp\/wp-content\/uploads\/2026\/02\/06C28717-5EA5-4E1D-832E-30A0DEEE4FE1-300x88.png 300w, https:\/\/christoferkrabbi24.thkit.ee\/wp\/wp-content\/uploads\/2026\/02\/06C28717-5EA5-4E1D-832E-30A0DEEE4FE1-768x225.png 768w, https:\/\/christoferkrabbi24.thkit.ee\/wp\/wp-content\/uploads\/2026\/02\/06C28717-5EA5-4E1D-832E-30A0DEEE4FE1-150x44.png 150w, https:\/\/christoferkrabbi24.thkit.ee\/wp\/wp-content\/uploads\/2026\/02\/06C28717-5EA5-4E1D-832E-30A0DEEE4FE1-1536x449.png 1536w, https:\/\/christoferkrabbi24.thkit.ee\/wp\/wp-content\/uploads\/2026\/02\/06C28717-5EA5-4E1D-832E-30A0DEEE4FE1.png 1621w\" sizes=\"auto, (max-width: 1024px) 100vw, 1024px\" \/><\/figure>\n\n\n\n<p>2. kontrolli et 10 lehte on indekseeritud<\/p>\n\n\n\n<figure class=\"wp-block-image size-full\"><img loading=\"lazy\" decoding=\"async\" width=\"899\" height=\"513\" src=\"https:\/\/christoferkrabbi24.thkit.ee\/wp\/wp-content\/uploads\/2026\/02\/9F6BEF11-AB7F-4493-AFA6-1EA715C6E469.png\" alt=\"\" class=\"wp-image-181\" srcset=\"https:\/\/christoferkrabbi24.thkit.ee\/wp\/wp-content\/uploads\/2026\/02\/9F6BEF11-AB7F-4493-AFA6-1EA715C6E469.png 899w, https:\/\/christoferkrabbi24.thkit.ee\/wp\/wp-content\/uploads\/2026\/02\/9F6BEF11-AB7F-4493-AFA6-1EA715C6E469-300x171.png 300w, https:\/\/christoferkrabbi24.thkit.ee\/wp\/wp-content\/uploads\/2026\/02\/9F6BEF11-AB7F-4493-AFA6-1EA715C6E469-768x438.png 768w, https:\/\/christoferkrabbi24.thkit.ee\/wp\/wp-content\/uploads\/2026\/02\/9F6BEF11-AB7F-4493-AFA6-1EA715C6E469-150x86.png 150w\" sizes=\"auto, (max-width: 899px) 100vw, 899px\" \/><\/figure>\n","protected":false},"excerpt":{"rendered":"<p>Mis on SEO?Search Engine Optimization&nbsp;on protsess, mille eesm\u00e4rk on parandada veebilehe n\u00e4htavust otsingumootorites nagu&nbsp;Google. H\u00e4sti optimeeritud veebileht t\u00f5useb otsingutulemustes k\u00f5rgemale. Mis t\u00e4hendab et leht on indekseeritud?&nbsp;\u2013Andmebaasimootorid nagu Google on lisanud oma andmebaasi. 3. XML sitemap&#8217;i seadistamine Tulemused. 2. kontrolli et 10 lehte on indekseeritud<\/p>\n","protected":false},"author":1,"featured_media":0,"parent":0,"menu_order":0,"comment_status":"closed","ping_status":"closed","template":"","meta":{"footnotes":""},"class_list":["post-163","page","type-page","status-publish","hentry"],"yoast_head":"<!-- This site is optimized with the Yoast SEO plugin v27.5 - https:\/\/yoast.com\/product\/yoast-seo-wordpress\/ -->\n<title>SEO seadistamine - Christofer Krabbi portfoolio<\/title>\n<meta name=\"robots\" content=\"index, follow, max-snippet:-1, max-image-preview:large, max-video-preview:-1\" \/>\n<link rel=\"canonical\" href=\"https:\/\/christoferkrabbi24.thkit.ee\/wp\/163-2\/\" \/>\n<meta property=\"og:locale\" content=\"et_EE\" \/>\n<meta property=\"og:type\" content=\"article\" \/>\n<meta property=\"og:title\" content=\"SEO seadistamine - Christofer Krabbi portfoolio\" \/>\n<meta property=\"og:description\" content=\"Mis on SEO?Search Engine Optimization&nbsp;on protsess, mille eesm\u00e4rk on parandada veebilehe n\u00e4htavust otsingumootorites nagu&nbsp;Google. H\u00e4sti optimeeritud veebileht t\u00f5useb otsingutulemustes k\u00f5rgemale. Mis t\u00e4hendab et leht on indekseeritud?&nbsp;\u2013Andmebaasimootorid nagu Google on lisanud oma andmebaasi. 3. XML sitemap&#8217;i seadistamine Tulemused. 2. kontrolli et 10 lehte on indekseeritud\" \/>\n<meta property=\"og:url\" content=\"https:\/\/christoferkrabbi24.thkit.ee\/wp\/163-2\/\" \/>\n<meta property=\"og:site_name\" content=\"Christofer Krabbi portfoolio\" \/>\n<meta property=\"article:modified_time\" content=\"2026-02-04T08:24:29+00:00\" \/>\n<meta property=\"og:image\" content=\"https:\/\/christoferkrabbi24.thkit.ee\/wp\/wp-content\/uploads\/2026\/01\/1EFC95A5-2593-41B1-82DB-8705AD5D3BD3.png\" \/>\n<meta name=\"twitter:card\" content=\"summary_large_image\" \/>\n<meta name=\"twitter:label1\" content=\"Est. reading time\" \/>\n\t<meta name=\"twitter:data1\" content=\"2 minutit\" \/>\n<script type=\"application\/ld+json\" class=\"yoast-schema-graph\">{\"@context\":\"https:\\\/\\\/schema.org\",\"@graph\":[{\"@type\":\"WebPage\",\"@id\":\"https:\\\/\\\/christoferkrabbi24.thkit.ee\\\/wp\\\/163-2\\\/\",\"url\":\"https:\\\/\\\/christoferkrabbi24.thkit.ee\\\/wp\\\/163-2\\\/\",\"name\":\"SEO seadistamine - Christofer Krabbi portfoolio\",\"isPartOf\":{\"@id\":\"https:\\\/\\\/christoferkrabbi24.thkit.ee\\\/wp\\\/#website\"},\"primaryImageOfPage\":{\"@id\":\"https:\\\/\\\/christoferkrabbi24.thkit.ee\\\/wp\\\/163-2\\\/#primaryimage\"},\"image\":{\"@id\":\"https:\\\/\\\/christoferkrabbi24.thkit.ee\\\/wp\\\/163-2\\\/#primaryimage\"},\"thumbnailUrl\":\"https:\\\/\\\/christoferkrabbi24.thkit.ee\\\/wp\\\/wp-content\\\/uploads\\\/2026\\\/01\\\/1EFC95A5-2593-41B1-82DB-8705AD5D3BD3.png\",\"datePublished\":\"2026-01-20T12:49:20+00:00\",\"dateModified\":\"2026-02-04T08:24:29+00:00\",\"breadcrumb\":{\"@id\":\"https:\\\/\\\/christoferkrabbi24.thkit.ee\\\/wp\\\/163-2\\\/#breadcrumb\"},\"inLanguage\":\"et\",\"potentialAction\":[{\"@type\":\"ReadAction\",\"target\":[\"https:\\\/\\\/christoferkrabbi24.thkit.ee\\\/wp\\\/163-2\\\/\"]}]},{\"@type\":\"ImageObject\",\"inLanguage\":\"et\",\"@id\":\"https:\\\/\\\/christoferkrabbi24.thkit.ee\\\/wp\\\/163-2\\\/#primaryimage\",\"url\":\"https:\\\/\\\/christoferkrabbi24.thkit.ee\\\/wp\\\/wp-content\\\/uploads\\\/2026\\\/01\\\/1EFC95A5-2593-41B1-82DB-8705AD5D3BD3.png\",\"contentUrl\":\"https:\\\/\\\/christoferkrabbi24.thkit.ee\\\/wp\\\/wp-content\\\/uploads\\\/2026\\\/01\\\/1EFC95A5-2593-41B1-82DB-8705AD5D3BD3.png\",\"width\":760,\"height\":567},{\"@type\":\"BreadcrumbList\",\"@id\":\"https:\\\/\\\/christoferkrabbi24.thkit.ee\\\/wp\\\/163-2\\\/#breadcrumb\",\"itemListElement\":[{\"@type\":\"ListItem\",\"position\":1,\"name\":\"Home\",\"item\":\"https:\\\/\\\/christoferkrabbi24.thkit.ee\\\/wp\\\/\"},{\"@type\":\"ListItem\",\"position\":2,\"name\":\"SEO seadistamine\"}]},{\"@type\":\"WebSite\",\"@id\":\"https:\\\/\\\/christoferkrabbi24.thkit.ee\\\/wp\\\/#website\",\"url\":\"https:\\\/\\\/christoferkrabbi24.thkit.ee\\\/wp\\\/\",\"name\":\"Christofer Krabbi portfoolio\",\"description\":\"Noorem TarkavaraArendaja\",\"publisher\":{\"@id\":\"https:\\\/\\\/christoferkrabbi24.thkit.ee\\\/wp\\\/#\\\/schema\\\/person\\\/fb96ad05df251d73b75fbae9cc171e84\"},\"potentialAction\":[{\"@type\":\"SearchAction\",\"target\":{\"@type\":\"EntryPoint\",\"urlTemplate\":\"https:\\\/\\\/christoferkrabbi24.thkit.ee\\\/wp\\\/?s={search_term_string}\"},\"query-input\":{\"@type\":\"PropertyValueSpecification\",\"valueRequired\":true,\"valueName\":\"search_term_string\"}}],\"inLanguage\":\"et\"},{\"@type\":[\"Person\",\"Organization\"],\"@id\":\"https:\\\/\\\/christoferkrabbi24.thkit.ee\\\/wp\\\/#\\\/schema\\\/person\\\/fb96ad05df251d73b75fbae9cc171e84\",\"name\":\"admin\",\"image\":{\"@type\":\"ImageObject\",\"inLanguage\":\"et\",\"@id\":\"https:\\\/\\\/secure.gravatar.com\\\/avatar\\\/7e9332042610e4752fdde6b10be7e826f9acd9b7d24aa6ed9508aad430be5b55?s=96&d=mm&r=g\",\"url\":\"https:\\\/\\\/secure.gravatar.com\\\/avatar\\\/7e9332042610e4752fdde6b10be7e826f9acd9b7d24aa6ed9508aad430be5b55?s=96&d=mm&r=g\",\"contentUrl\":\"https:\\\/\\\/secure.gravatar.com\\\/avatar\\\/7e9332042610e4752fdde6b10be7e826f9acd9b7d24aa6ed9508aad430be5b55?s=96&d=mm&r=g\",\"caption\":\"admin\"},\"logo\":{\"@id\":\"https:\\\/\\\/secure.gravatar.com\\\/avatar\\\/7e9332042610e4752fdde6b10be7e826f9acd9b7d24aa6ed9508aad430be5b55?s=96&d=mm&r=g\"},\"sameAs\":[\"https:\\\/\\\/christoferkrabbi24.thkit.ee\\\/wp\"]}]}<\/script>\n<!-- \/ Yoast SEO plugin. -->","yoast_head_json":{"title":"SEO seadistamine - Christofer Krabbi portfoolio","robots":{"index":"index","follow":"follow","max-snippet":"max-snippet:-1","max-image-preview":"max-image-preview:large","max-video-preview":"max-video-preview:-1"},"canonical":"https:\/\/christoferkrabbi24.thkit.ee\/wp\/163-2\/","og_locale":"et_EE","og_type":"article","og_title":"SEO seadistamine - Christofer Krabbi portfoolio","og_description":"Mis on SEO?Search Engine Optimization&nbsp;on protsess, mille eesm\u00e4rk on parandada veebilehe n\u00e4htavust otsingumootorites nagu&nbsp;Google. H\u00e4sti optimeeritud veebileht t\u00f5useb otsingutulemustes k\u00f5rgemale. Mis t\u00e4hendab et leht on indekseeritud?&nbsp;\u2013Andmebaasimootorid nagu Google on lisanud oma andmebaasi. 3. XML sitemap&#8217;i seadistamine Tulemused. 2. kontrolli et 10 lehte on indekseeritud","og_url":"https:\/\/christoferkrabbi24.thkit.ee\/wp\/163-2\/","og_site_name":"Christofer Krabbi portfoolio","article_modified_time":"2026-02-04T08:24:29+00:00","og_image":[{"url":"https:\/\/christoferkrabbi24.thkit.ee\/wp\/wp-content\/uploads\/2026\/01\/1EFC95A5-2593-41B1-82DB-8705AD5D3BD3.png","type":"","width":"","height":""}],"twitter_card":"summary_large_image","twitter_misc":{"Est. reading time":"2 minutit"},"schema":{"@context":"https:\/\/schema.org","@graph":[{"@type":"WebPage","@id":"https:\/\/christoferkrabbi24.thkit.ee\/wp\/163-2\/","url":"https:\/\/christoferkrabbi24.thkit.ee\/wp\/163-2\/","name":"SEO seadistamine - Christofer Krabbi portfoolio","isPartOf":{"@id":"https:\/\/christoferkrabbi24.thkit.ee\/wp\/#website"},"primaryImageOfPage":{"@id":"https:\/\/christoferkrabbi24.thkit.ee\/wp\/163-2\/#primaryimage"},"image":{"@id":"https:\/\/christoferkrabbi24.thkit.ee\/wp\/163-2\/#primaryimage"},"thumbnailUrl":"https:\/\/christoferkrabbi24.thkit.ee\/wp\/wp-content\/uploads\/2026\/01\/1EFC95A5-2593-41B1-82DB-8705AD5D3BD3.png","datePublished":"2026-01-20T12:49:20+00:00","dateModified":"2026-02-04T08:24:29+00:00","breadcrumb":{"@id":"https:\/\/christoferkrabbi24.thkit.ee\/wp\/163-2\/#breadcrumb"},"inLanguage":"et","potentialAction":[{"@type":"ReadAction","target":["https:\/\/christoferkrabbi24.thkit.ee\/wp\/163-2\/"]}]},{"@type":"ImageObject","inLanguage":"et","@id":"https:\/\/christoferkrabbi24.thkit.ee\/wp\/163-2\/#primaryimage","url":"https:\/\/christoferkrabbi24.thkit.ee\/wp\/wp-content\/uploads\/2026\/01\/1EFC95A5-2593-41B1-82DB-8705AD5D3BD3.png","contentUrl":"https:\/\/christoferkrabbi24.thkit.ee\/wp\/wp-content\/uploads\/2026\/01\/1EFC95A5-2593-41B1-82DB-8705AD5D3BD3.png","width":760,"height":567},{"@type":"BreadcrumbList","@id":"https:\/\/christoferkrabbi24.thkit.ee\/wp\/163-2\/#breadcrumb","itemListElement":[{"@type":"ListItem","position":1,"name":"Home","item":"https:\/\/christoferkrabbi24.thkit.ee\/wp\/"},{"@type":"ListItem","position":2,"name":"SEO seadistamine"}]},{"@type":"WebSite","@id":"https:\/\/christoferkrabbi24.thkit.ee\/wp\/#website","url":"https:\/\/christoferkrabbi24.thkit.ee\/wp\/","name":"Christofer Krabbi portfoolio","description":"Noorem TarkavaraArendaja","publisher":{"@id":"https:\/\/christoferkrabbi24.thkit.ee\/wp\/#\/schema\/person\/fb96ad05df251d73b75fbae9cc171e84"},"potentialAction":[{"@type":"SearchAction","target":{"@type":"EntryPoint","urlTemplate":"https:\/\/christoferkrabbi24.thkit.ee\/wp\/?s={search_term_string}"},"query-input":{"@type":"PropertyValueSpecification","valueRequired":true,"valueName":"search_term_string"}}],"inLanguage":"et"},{"@type":["Person","Organization"],"@id":"https:\/\/christoferkrabbi24.thkit.ee\/wp\/#\/schema\/person\/fb96ad05df251d73b75fbae9cc171e84","name":"admin","image":{"@type":"ImageObject","inLanguage":"et","@id":"https:\/\/secure.gravatar.com\/avatar\/7e9332042610e4752fdde6b10be7e826f9acd9b7d24aa6ed9508aad430be5b55?s=96&d=mm&r=g","url":"https:\/\/secure.gravatar.com\/avatar\/7e9332042610e4752fdde6b10be7e826f9acd9b7d24aa6ed9508aad430be5b55?s=96&d=mm&r=g","contentUrl":"https:\/\/secure.gravatar.com\/avatar\/7e9332042610e4752fdde6b10be7e826f9acd9b7d24aa6ed9508aad430be5b55?s=96&d=mm&r=g","caption":"admin"},"logo":{"@id":"https:\/\/secure.gravatar.com\/avatar\/7e9332042610e4752fdde6b10be7e826f9acd9b7d24aa6ed9508aad430be5b55?s=96&d=mm&r=g"},"sameAs":["https:\/\/christoferkrabbi24.thkit.ee\/wp"]}]}},"_links":{"self":[{"href":"https:\/\/christoferkrabbi24.thkit.ee\/wp\/wp-json\/wp\/v2\/pages\/163","targetHints":{"allow":["GET"]}}],"collection":[{"href":"https:\/\/christoferkrabbi24.thkit.ee\/wp\/wp-json\/wp\/v2\/pages"}],"about":[{"href":"https:\/\/christoferkrabbi24.thkit.ee\/wp\/wp-json\/wp\/v2\/types\/page"}],"author":[{"embeddable":true,"href":"https:\/\/christoferkrabbi24.thkit.ee\/wp\/wp-json\/wp\/v2\/users\/1"}],"replies":[{"embeddable":true,"href":"https:\/\/christoferkrabbi24.thkit.ee\/wp\/wp-json\/wp\/v2\/comments?post=163"}],"version-history":[{"count":5,"href":"https:\/\/christoferkrabbi24.thkit.ee\/wp\/wp-json\/wp\/v2\/pages\/163\/revisions"}],"predecessor-version":[{"id":182,"href":"https:\/\/christoferkrabbi24.thkit.ee\/wp\/wp-json\/wp\/v2\/pages\/163\/revisions\/182"}],"wp:attachment":[{"href":"https:\/\/christoferkrabbi24.thkit.ee\/wp\/wp-json\/wp\/v2\/media?parent=163"}],"curies":[{"name":"wp","href":"https:\/\/api.w.org\/{rel}","templated":true}]}}